{"id":11,"date":"2025-11-19T22:13:38","date_gmt":"2025-11-19T22:13:38","guid":{"rendered":"https:\/\/jwesley.edu.pe\/?page_id=11"},"modified":"2025-11-28T18:14:42","modified_gmt":"2025-11-28T18:14:42","slug":"11-2","status":"publish","type":"page","link":"https:\/\/jwesley.edu.pe\/","title":{"rendered":"Inicio"},"content":{"rendered":"<p>[et_pb_section fb_built=\u00bb1&#8243; fullwidth=\u00bbon\u00bb admin_label=\u00bbHeader Section\u00bb _builder_version=\u00bb4.27.4&#8243; _module_preset=\u00bbdefault\u00bb background_enable_image=\u00bboff\u00bb parallax=\u00bbon\u00bb top_divider_color=\u00bbrgba(255,255,255,0.6)\u00bb top_divider_height=\u00bb30%\u00bb global_colors_info=\u00bb{}\u00bb][et_pb_fullwidth_header title=\u00bbCOLEGIO\u00bb subhead=\u00bbCristiano John Wesley \u00bb text_orientation=\u00bbcenter\u00bb background_overlay_color=\u00bbRGBA(255,255,255,0)\u00bb _builder_version=\u00bb4.27.4&#8243; _module_preset=\u00bbdefault\u00bb title_level=\u00bbh2&#8243; title_font=\u00bbRubik|700||on|||||\u00bb title_text_color=\u00bb#FFFFFF\u00bb title_font_size=\u00bb29px\u00bb title_letter_spacing=\u00bb5px\u00bb title_line_height=\u00bb2em\u00bb content_font=\u00bbRubik||||||||\u00bb content_text_color=\u00bb#FFFFFF\u00bb content_font_size=\u00bb22px\u00bb content_line_height=\u00bb2em\u00bb subhead_font=\u00bbRubik|700|||||||\u00bb subhead_text_color=\u00bb#FFFFFF\u00bb subhead_font_size=\u00bb59px\u00bb subhead_line_height=\u00bb1.4em\u00bb content_link_text_color=\u00bb#FFFFFF\u00bb content_ul_text_color=\u00bb#FFFFFF\u00bb content_ol_text_color=\u00bb#FFFFFF\u00bb content_quote_text_color=\u00bb#FFFFFF\u00bb background_color=\u00bbrgba(255,250,242,0.9)\u00bb background_image=\u00bbhttps:\/\/jwesley.edu.pe\/wp-content\/uploads\/2025\/11\/viterbo-portada-2.jpg\u00bb parallax=\u00bbon\u00bb parallax_method=\u00bbon\u00bb custom_button_one=\u00bbon\u00bb button_one_text_size=\u00bb16px\u00bb button_one_text_color=\u00bb#ffffff\u00bb button_one_bg_color=\u00bb#ff7355&#8243; button_one_border_width=\u00bb15px\u00bb button_one_border_color=\u00bbrgba(210,159,104,0)\u00bb button_one_border_radius=\u00bb100px\u00bb button_one_letter_spacing=\u00bb0px\u00bb button_one_font=\u00bbRubik|700|||||||\u00bb button_one_use_icon=\u00bboff\u00bb custom_button_two=\u00bbon\u00bb button_two_text_size=\u00bb16px\u00bb button_two_text_color=\u00bb#ffffff\u00bb button_two_bg_color=\u00bbrgba(0,0,0,0.6)\u00bb button_two_border_width=\u00bb15px\u00bb button_two_border_color=\u00bbrgba(210,159,104,0)\u00bb button_two_border_radius=\u00bb100px\u00bb button_two_letter_spacing=\u00bb0px\u00bb button_two_font=\u00bbRubik|700|||||||\u00bb button_two_use_icon=\u00bboff\u00bb custom_margin=\u00bb|||\u00bb custom_padding=\u00bb8vw||14vw|||\u00bb animation_style=\u00bbslide\u00bb animation_direction=\u00bbbottom\u00bb animation_intensity_slide=\u00bb1%\u00bb content_font_size_tablet=\u00bb\u00bb content_font_size_phone=\u00bb16px\u00bb content_font_size_last_edited=\u00bbon|phone\u00bb subhead_font_size_tablet=\u00bb\u00bb subhead_font_size_phone=\u00bb30px\u00bb subhead_font_size_last_edited=\u00bbon|phone\u00bb title_text_shadow_style=\u00bbpreset5&#8243; content_text_shadow_style=\u00bbpreset1&#8243; subhead_text_shadow_style=\u00bbpreset2&#8243; box_shadow_style=\u00bbpreset6&#8243; box_shadow_vertical=\u00bb-10px\u00bb box_shadow_color=\u00bbrgba(0,0,0,0.2)\u00bb button_one_border_radius_hover=\u00bb100px\u00bb button_two_border_radius_hover=\u00bb100px\u00bb button_one_bg_color_hover=\u00bb#ff8a70&#8243; button_two_bg_color_hover=\u00bb#ff8a70&#8243; global_colors_info=\u00bb{}\u00bb button_one_text_size__hover_enabled=\u00bboff\u00bb button_two_text_size__hover_enabled=\u00bboff\u00bb button_one_text_color__hover_enabled=\u00bboff\u00bb button_two_text_color__hover_enabled=\u00bboff\u00bb button_one_border_width__hover_enabled=\u00bboff\u00bb button_two_border_width__hover_enabled=\u00bboff\u00bb button_one_border_color__hover_enabled=\u00bboff\u00bb button_two_border_color__hover_enabled=\u00bboff\u00bb button_one_border_radius__hover_enabled=\u00bbon\u00bb button_one_border_radius__hover=\u00bb100px\u00bb button_two_border_radius__hover_enabled=\u00bbon\u00bb button_two_border_radius__hover=\u00bb100px\u00bb button_one_letter_spacing__hover_enabled=\u00bboff\u00bb button_two_letter_spacing__hover_enabled=\u00bboff\u00bb button_one_bg_color__hover_enabled=\u00bbon\u00bb button_one_bg_color__hover=\u00bb#ff8a70&#8243; button_two_bg_color__hover_enabled=\u00bbon\u00bb button_two_bg_color__hover=\u00bb#ff8a70&#8243;]<\/p>\n<p><span style=\"color: #ffffff;\">Te damos la bienvenida a nuestra comunidad educativa, donde la excelencia acad\u00e9mica y la formaci\u00f3n cristiana se unen para preparar a nuestros estudiantes para el futuro<\/span><\/p>\n<p>[\/et_pb_fullwidth_header][\/et_pb_section][et_pb_section fb_built=\u00bb1&#8243; admin_label=\u00bbOur Mission\u00bb _builder_version=\u00bb4.27.4&#8243; _module_preset=\u00bbdefault\u00bb use_background_color_gradient=\u00bbon\u00bb background_color_gradient_stops=\u00bbrgba(233,239,243,0) 0%|#e9eff3 100%\u00bb background_color_gradient_start=\u00bbrgba(233,239,243,0)\u00bb background_color_gradient_end=\u00bb#e9eff3&#8243; background_image=\u00bbhttps:\/\/jwesley.edu.pe\/wp-content\/uploads\/2025\/11\/fondo-j-wesley.png\u00bb parallax=\u00bbon\u00bb min_height=\u00bb579px\u00bb custom_margin=\u00bb-21px|||||\u00bb custom_padding=\u00bb7px|0px|0px|0px|false|false\u00bb global_colors_info=\u00bb{}\u00bb][et_pb_row admin_label=\u00bbMission Row\u00bb _builder_version=\u00bb4.16&#8243; _module_preset=\u00bbdefault\u00bb custom_padding=\u00bb65px|||||\u00bb locked=\u00bboff\u00bb global_colors_info=\u00bb{}\u00bb][et_pb_column type=\u00bb4_4&#8243; _builder_version=\u00bb4.16&#8243; _module_preset=\u00bbdefault\u00bb custom_padding=\u00bb|||\u00bb global_colors_info=\u00bb{}\u00bb custom_padding__hover=\u00bb|||\u00bb][et_pb_blurb use_icon=\u00bbon\u00bb font_icon=\u00bb&#xe012;||divi||400&#8243; icon_color=\u00bbgcid-67f519b6-3373-4bd9-b096-c1015b8311ae\u00bb image_icon_width=\u00bb32px\u00bb _builder_version=\u00bb4.27.4&#8243; _module_preset=\u00bbdefault\u00bb header_font=\u00bbCabin Sketch|700||on|||||\u00bb header_text_color=\u00bb#ff7355&#8243; header_font_size=\u00bb20px\u00bb header_letter_spacing=\u00bb5px\u00bb header_line_height=\u00bb1.5em\u00bb text_orientation=\u00bbcenter\u00bb custom_margin=\u00bb||0px|\u00bb custom_padding=\u00bb26px|||||\u00bb icon_font_size=\u00bb32px\u00bb locked=\u00bboff\u00bb global_colors_info=\u00bb{%22gcid-67f519b6-3373-4bd9-b096-c1015b8311ae%22:%91%22icon_color%22%93}\u00bb][\/et_pb_blurb][et_pb_text _builder_version=\u00bb4.27.4&#8243; _module_preset=\u00bbdefault\u00bb text_font=\u00bbRubik|500|||||||\u00bb text_text_color=\u00bb#FFFFFF\u00bb text_font_size=\u00bb16px\u00bb text_line_height=\u00bb2em\u00bb header_font=\u00bb||||||||\u00bb header_2_font=\u00bbRubik|700|||||||\u00bb header_2_font_size=\u00bb40px\u00bb header_2_line_height=\u00bb1.4em\u00bb header_5_font=\u00bbRubik|700||on|||||\u00bb header_5_text_color=\u00bb#2b76df\u00bb header_5_letter_spacing=\u00bb5px\u00bb header_5_line_height=\u00bb1.5em\u00bb text_orientation=\u00bbcenter\u00bb max_width=\u00bb700px\u00bb module_alignment=\u00bbcenter\u00bb custom_margin=\u00bb|||\u00bb custom_margin_tablet=\u00bb0px|||\u00bb custom_margin_last_edited=\u00bboff|desktop\u00bb custom_padding=\u00bb14px|||||\u00bb text_line_height_last_edited=\u00bboff|desktop\u00bb header_2_font_size_tablet=\u00bb\u00bb header_2_font_size_phone=\u00bb30px\u00bb header_2_font_size_last_edited=\u00bbon|phone\u00bb global_colors_info=\u00bb{}\u00bb]<\/p>\n<h2><\/h2>\n<p><span style=\"font-size: x-large; color: #4c4c4c;\">\u00abTe damos la bienvenida a nuestra comunidad educativa, donde la excelencia acad\u00e9mica y la formaci\u00f3n cristiana se unen para preparar a nuestros estudiantes para el futuro. Acomp\u00e1\u00f1anos a formar l\u00edderes con valores en un ambiente seguro y familiar\u00bb<\/span><\/p>\n<p>[\/et_pb_text][et_pb_button button_url=\u00bb@ET-DC@eyJkeW5hbWljIjp0cnVlLCJjb250ZW50IjoicG9zdF9saW5rX3VybF9wYWdlIiwic2V0dGluZ3MiOnsicG9zdF9pZCI6IjQwIn19@\u00bb button_text=\u00bbAdmisi\u00f3n 2026&#8243; button_alignment=\u00bbcenter\u00bb _builder_version=\u00bb4.27.4&#8243; _dynamic_attributes=\u00bbbutton_url\u00bb _module_preset=\u00bbdefault\u00bb custom_button=\u00bbon\u00bb button_text_size=\u00bb17px\u00bb button_text_color=\u00bb#FFFFFF\u00bb button_bg_color=\u00bbgcid-67f519b6-3373-4bd9-b096-c1015b8311ae\u00bb button_border_width=\u00bb10px\u00bb button_border_color=\u00bbRGBA(255,255,255,0)\u00bb button_border_radius=\u00bb100px\u00bb button_font=\u00bbRubik|700|||||||\u00bb button_use_icon=\u00bboff\u00bb background_layout=\u00bbdark\u00bb animation_style=\u00bbzoom\u00bb box_shadow_style=\u00bbpreset3&#8243; box_shadow_vertical=\u00bb9px\u00bb button_bg_color_hover=\u00bb#4f8bdd\u00bb locked=\u00bboff\u00bb global_colors_info=\u00bb{%22gcid-6c8596c7-2ab7-4e63-8422-8d30826b4ddc%22:%91%22button_text_color%22%93,%22gcid-67f519b6-3373-4bd9-b096-c1015b8311ae%22:%91%22button_bg_color%22%93,%22gcid-9d29fe67-ad34-43fd-832c-be07115467df%22:%91%22button_bg_color__hover%22%93}\u00bb button_text_size__hover_enabled=\u00bboff\u00bb button_one_text_size__hover_enabled=\u00bboff\u00bb button_two_text_size__hover_enabled=\u00bboff\u00bb button_text_color__hover_enabled=\u00bboff\u00bb button_one_text_color__hover_enabled=\u00bboff\u00bb button_two_text_color__hover_enabled=\u00bboff\u00bb button_border_width__hover_enabled=\u00bboff\u00bb button_one_border_width__hover_enabled=\u00bboff\u00bb button_two_border_width__hover_enabled=\u00bboff\u00bb button_border_color__hover_enabled=\u00bboff\u00bb button_one_border_color__hover_enabled=\u00bboff\u00bb button_two_border_color__hover_enabled=\u00bboff\u00bb button_border_radius__hover_enabled=\u00bboff\u00bb button_one_border_radius__hover_enabled=\u00bboff\u00bb button_two_border_radius__hover_enabled=\u00bboff\u00bb button_letter_spacing__hover_enabled=\u00bboff\u00bb button_one_letter_spacing__hover_enabled=\u00bboff\u00bb button_two_letter_spacing__hover_enabled=\u00bboff\u00bb button_bg_color__hover_enabled=\u00bbon|hover\u00bb button_bg_color__hover=\u00bb#261a73&#8243; button_one_bg_color__hover_enabled=\u00bboff\u00bb button_two_bg_color__hover_enabled=\u00bboff\u00bb button_bg_enable_color__hover=\u00bbon\u00bb][\/et_pb_button][\/et_pb_column][\/et_pb_row][\/et_pb_section][et_pb_section fb_built=\u00bb1&#8243; admin_label=\u00bbFacilities\u00bb _builder_version=\u00bb4.27.4&#8243; _module_preset=\u00bbdefault\u00bb background_color=\u00bbgcid-6c8596c7-2ab7-4e63-8422-8d30826b4ddc\u00bb background_enable_image=\u00bboff\u00bb parallax=\u00bbon\u00bb custom_padding=\u00bb0px|0px|0px|0px|false|false\u00bb global_colors_info=\u00bb{%22gcid-6c8596c7-2ab7-4e63-8422-8d30826b4ddc%22:%91%22background_color%22%93}\u00bb][et_pb_row column_structure=\u00bb1_2,1_2&#8243; use_custom_gutter=\u00bbon\u00bb gutter_width=\u00bb1&#8243; make_equal=\u00bbon\u00bb padding_top_bottom_link_1=\u00bbtrue\u00bb padding_top_bottom_link_2=\u00bbtrue\u00bb admin_label=\u00bbTwo CTA Row\u00bb module_class=\u00bb et_pb_row_fullwidth\u00bb _builder_version=\u00bb4.27.4&#8243; _module_preset=\u00bbdefault\u00bb parallax=\u00bbon\u00bb width=\u00bb100%\u00bb width_tablet=\u00bb100%\u00bb width_phone=\u00bb100%\u00bb width_last_edited=\u00bbon|desktop\u00bb max_width=\u00bb100%\u00bb max_width_tablet=\u00bb100%\u00bb max_width_phone=\u00bb100%\u00bb max_width_last_edited=\u00bbon|desktop\u00bb custom_padding=\u00bb0px|0px|0px|0px||\u00bb make_fullwidth=\u00bbon\u00bb global_colors_info=\u00bb{}\u00bb][et_pb_column type=\u00bb1_2&#8243; _builder_version=\u00bb4.27.4&#8243; _module_preset=\u00bbdefault\u00bb use_background_color_gradient=\u00bbon\u00bb background_color_gradient_direction=\u00bb90deg\u00bb background_color_gradient_stops=\u00bbrgba(0,146,63,0.61) 6%|rgba(0,146,63,0.75) 99%\u00bb background_color_gradient_overlays_image=\u00bbon\u00bb background_color_gradient_start=\u00bbrgba(58,80,99,0.85)\u00bb background_color_gradient_end=\u00bb#3a5063&#8243; background_image=\u00bbhttps:\/\/jwesley.edu.pe\/wp-content\/uploads\/2025\/11\/pexels-jessbaileydesign-1018133-scaled-1.jpg\u00bb custom_padding=\u00bb120px|80px|120px|10%\u00bb custom_padding_tablet=\u00bb|10%||10%||true\u00bb custom_padding_phone=\u00bb|10%||10%||true\u00bb custom_padding_last_edited=\u00bbon|tablet\u00bb global_colors_info=\u00bb{%22gcid-67f519b6-3373-4bd9-b096-c1015b8311ae%22:%91%22background_color_gradient_stops%22%93}\u00bb padding_tablet=\u00bb|10%||10%||true\u00bb padding_last_edited=\u00bbon|tablet\u00bb custom_padding__hover=\u00bb|||\u00bb padding_phone=\u00bb|10%||10%||true\u00bb][et_pb_text admin_label=\u00bbTitle\u00bb _builder_version=\u00bb4.27.4&#8243; _module_preset=\u00bbdefault\u00bb text_font=\u00bbRubik|500|||||||\u00bb text_font_size=\u00bb16px\u00bb text_line_height=\u00bb2em\u00bb quote_font=\u00bb||||||||\u00bb header_font=\u00bb||||||||\u00bb header_text_color=\u00bb#FFFFFF\u00bb header_2_font=\u00bbRubik|700|||||||\u00bb header_2_text_color=\u00bb#FFFFFF\u00bb header_2_font_size=\u00bb40px\u00bb header_2_line_height=\u00bb1.4em\u00bb header_5_font=\u00bbRubik|700||on|||||\u00bb header_5_text_color=\u00bb#FFFFFF\u00bb header_5_letter_spacing=\u00bb5px\u00bb header_5_line_height=\u00bb1.2em\u00bb background_layout=\u00bbdark\u00bb max_width=\u00bb600px\u00bb max_width_tablet=\u00bb\u00bb max_width_phone=\u00bb\u00bb max_width_last_edited=\u00bbon|phone\u00bb custom_margin=\u00bb|||\u00bb custom_margin_tablet=\u00bb|70px||70px\u00bb custom_margin_phone=\u00bb|50px||50px\u00bb custom_margin_last_edited=\u00bboff|desktop\u00bb custom_padding=\u00bb|||40px\u00bb text_line_height_last_edited=\u00bboff|desktop\u00bb header_2_font_size_tablet=\u00bb\u00bb header_2_font_size_phone=\u00bb30px\u00bb header_2_font_size_last_edited=\u00bbon|phone\u00bb border_color_all=\u00bb#ff9c02&#8243; border_width_left=\u00bb8px\u00bb border_color_left=\u00bb#FFFFFF\u00bb locked=\u00bboff\u00bb inline_fonts=\u00bbSacramento\u00bb global_colors_info=\u00bb{}\u00bb]<\/p>\n<h5><\/h5>\n<h2>Comprometidos con la Educaci\u00f3n de Calidad<\/h2>\n<p><span style=\"color: #ffffff;\">\u00abEs un honor darles la bienvenida al Colegio Cristiano John Wesley, trabajamos cada d\u00eda con el compromiso de ofrecer una educaci\u00f3n integral, fundamentada en valores cristianos, el respeto, la responsabilidad y el amor por el pr\u00f3jimo. Nuestro objetivo es formar j\u00f3venes preparados para enfrentar los retos del mundo actual con un fuerte compromiso social y espiritual.<\/span><br \/><span style=\"color: #ffffff;\">Nos enorgullece contar con un ambiente cercano y familiar, en el que nuestros estudiantes se sienten apoyados, motivados y preparados para enfrentar los retos del futuro con valores s\u00f3lidos. Adem\u00e1s, promovemos el desarrollo de habilidades art\u00edsticas y deportivas, ofreciendo talleres y actividades extracurriculares que complementan la formaci\u00f3n educativa.\u00bb<\/span><\/p>\n<p>[\/et_pb_text][et_pb_text _builder_version=\u00bb4.16&#8243; _module_preset=\u00bbdefault\u00bb text_font=\u00bbSacramento||||||||\u00bb text_font_size=\u00bb32px\u00bb text_line_height=\u00bb2em\u00bb text_orientation=\u00bbright\u00bb background_layout=\u00bbdark\u00bb min_height=\u00bb63px\u00bb global_colors_info=\u00bb{}\u00bb]<\/p>\n<p><span style=\"color: #ffffff;\">Esther Castro , Directora<\/span>\u00a0\u00a0<\/p>\n<p>[\/et_pb_text][\/et_pb_column][et_pb_column type=\u00bb1_2&#8243; _builder_version=\u00bb4.27.4&#8243; _module_preset=\u00bbdefault\u00bb background_color_gradient_direction=\u00bb90deg\u00bb background_color_gradient_start=\u00bb#ff7355&#8243; background_color_gradient_end=\u00bbrgba(255,115,85,0.6)\u00bb background_image=\u00bbhttps:\/\/jwesley.edu.pe\/wp-content\/uploads\/2025\/11\/foto-directora-1.jpg\u00bb parallax=\u00bbon\u00bb custom_padding=\u00bb120px|10%|120px|80px\u00bb custom_padding_tablet=\u00bb|10%||10%||true\u00bb custom_padding_phone=\u00bb|10%||10%||true\u00bb custom_padding_last_edited=\u00bbon|tablet\u00bb global_colors_info=\u00bb{}\u00bb padding_tablet=\u00bb|10%||10%||true\u00bb padding_last_edited=\u00bbon|tablet\u00bb custom_padding__hover=\u00bb|||\u00bb padding_phone=\u00bb|10%||10%||true\u00bb][et_pb_divider color=\u00bbrgba(0,0,0,0)\u00bb _builder_version=\u00bb4.27.4&#8243; _module_preset=\u00bbdefault\u00bb height=\u00bb340px\u00bb locked=\u00bboff\u00bb global_colors_info=\u00bb{}\u00bb][\/et_pb_divider][\/et_pb_column][\/et_pb_row][\/et_pb_section][et_pb_section fb_built=\u00bb1&#8243; admin_label=\u00bbEvents\u00bb _builder_version=\u00bb4.27.4&#8243; _module_preset=\u00bbdefault\u00bb background_image=\u00bbhttps:\/\/jwesley.edu.pe\/wp-content\/uploads\/2025\/11\/fondo-j-wesley.png\u00bb background_size=\u00bbinitial\u00bb min_height=\u00bb1130px\u00bb custom_padding=\u00bb0px|||||\u00bb global_colors_info=\u00bb{}\u00bb][et_pb_row admin_label=\u00bbTitle Row\u00bb _builder_version=\u00bb4.16&#8243; _module_preset=\u00bbdefault\u00bb custom_padding=\u00bb73px|||||\u00bb locked=\u00bboff\u00bb global_colors_info=\u00bb{}\u00bb][et_pb_column type=\u00bb4_4&#8243; _builder_version=\u00bb4.16&#8243; _module_preset=\u00bbdefault\u00bb custom_padding=\u00bb|||\u00bb global_colors_info=\u00bb{}\u00bb custom_padding__hover=\u00bb|||\u00bb][et_pb_blurb use_icon=\u00bbon\u00bb font_icon=\u00bb&#xe023;||divi||400&#8243; icon_color=\u00bbgcid-9d29fe67-ad34-43fd-832c-be07115467df\u00bb image_icon_width=\u00bb32px\u00bb _builder_version=\u00bb4.27.4&#8243; _module_preset=\u00bbdefault\u00bb header_font=\u00bbCabin Sketch|700||on|||||\u00bb header_text_color=\u00bb#2b76df\u00bb header_font_size=\u00bb20px\u00bb header_letter_spacing=\u00bb5px\u00bb header_line_height=\u00bb1.4em\u00bb text_orientation=\u00bbcenter\u00bb custom_margin=\u00bb||0px|\u00bb icon_font_size=\u00bb32px\u00bb global_colors_info=\u00bb{%22gcid-9d29fe67-ad34-43fd-832c-be07115467df%22:%91%22icon_color%22%93}\u00bb][\/et_pb_blurb][et_pb_text _builder_version=\u00bb4.27.4&#8243; _module_preset=\u00bbdefault\u00bb text_font=\u00bbRubik|500|||||||\u00bb text_font_size=\u00bb16px\u00bb text_line_height=\u00bb2em\u00bb header_font=\u00bb||||||||\u00bb header_2_font=\u00bbRubik|700|||||||\u00bb header_2_font_size=\u00bb40px\u00bb header_2_line_height=\u00bb1.4em\u00bb header_5_font=\u00bbRubik|700||on|||||\u00bb header_5_text_color=\u00bb#2b76df\u00bb header_5_letter_spacing=\u00bb5px\u00bb header_5_line_height=\u00bb1.5em\u00bb text_orientation=\u00bbcenter\u00bb max_width=\u00bb700px\u00bb module_alignment=\u00bbcenter\u00bb custom_margin=\u00bb|||\u00bb custom_margin_tablet=\u00bb0px|||\u00bb custom_margin_last_edited=\u00bboff|desktop\u00bb hover_enabled=\u00bb0&#8243; text_line_height_last_edited=\u00bboff|desktop\u00bb header_2_font_size_tablet=\u00bb\u00bb header_2_font_size_phone=\u00bb30px\u00bb header_2_font_size_last_edited=\u00bbon|phone\u00bb global_colors_info=\u00bb{}\u00bb sticky_enabled=\u00bb0&#8243;]<\/p>\n<h2><span style=\"color: #4c4c4c;\">Eventos<\/span><\/h2>\n<p>[\/et_pb_text][\/et_pb_column][\/et_pb_row][et_pb_row padding_top_bottom_link_1=\u00bbtrue\u00bb padding_top_bottom_link_2=\u00bbtrue\u00bb padding_top_bottom_link_3=\u00bbtrue\u00bb padding_left_right_link_1=\u00bbtrue\u00bb padding_left_right_link_2=\u00bbtrue\u00bb padding_left_right_link_3=\u00bbtrue\u00bb admin_label=\u00bbEvents Row\u00bb _builder_version=\u00bb4.27.4&#8243; _module_preset=\u00bbdefault\u00bb background_color=\u00bbRGBA(255,255,255,0)\u00bb width=\u00bb75.9%\u00bb min_height=\u00bb1114px\u00bb custom_margin=\u00bb-15px|auto|-624px|auto||\u00bb custom_padding=\u00bb27px|0px|0px|0px|false|false\u00bb locked=\u00bboff\u00bb global_colors_info=\u00bb{}\u00bb][et_pb_column type=\u00bb4_4&#8243; _builder_version=\u00bb4.27.4&#8243; _module_preset=\u00bbdefault\u00bb background_color=\u00bb#FFFFFF\u00bb custom_padding=\u00bb0px|20px|16px|20px|false|false\u00bb global_colors_info=\u00bb{}\u00bb custom_padding__hover=\u00bb|||\u00bb][et_pb_code _builder_version=\u00bb4.27.4&#8243; _module_preset=\u00bbdefault\u00bb transform_translate=\u00bb-26px|0px\u00bb text_orientation=\u00bbcenter\u00bb width=\u00bb96.2%\u00bb module_alignment=\u00bbcenter\u00bb custom_margin=\u00bb|7px|-823px|||\u00bb custom_padding=\u00bb|10px||||\u00bb link_option_url_new_window=\u00bbon\u00bb global_colors_info=\u00bb{}\u00bb max_height__hover_enabled=\u00bbon|desktop\u00bb max_height__hover=\u00bb5000px\u00bb]<\/p>\n<div style=\"display:flex;gap:10px\"><!-- [et_pb_line_break_holder] --><iframe loading=\"lazy\" src=\"https:\/\/www.facebook.com\/plugins\/post.php?href=https%3A%2F%2Fwww.facebook.com%2Fwatch%2F%3Fmibextid%3DwwXIfr%26v%3D1806410206930490%26rdid%3DsfsDeKoKWt0b001c&#038;width=800&#038;show_text=true&#038;height=500&#038;appId\" width=\"800\" height=\"700\" style=\"border:none;overflow:hidden\" scrolling=\"no\" frameborder=\"0\" allowfullscreen=\"true\" allow=\"autoplay; clipboard-write; encrypted-media; picture-in-picture; web-share\"><\/iframe><!-- [et_pb_line_break_holder] -->  <!-- [et_pb_line_break_holder] --><iframe loading=\"lazy\" src=\"https:\/\/www.facebook.com\/plugins\/post.php?href=https%3A%2F%2Fwww.facebook.com%2Fwatch%2F%3Fmibextid%3DwwXIfr%26v%3D2322661427972937%26rdid%3D7QGe86ItuoYi7TpO&#038;width=500&#038;show_text=true&#038;height=978&#038;appId\" width=\"500\" height=\"978\" style=\"border:none;overflow:hidden\" scrolling=\"no\" frameborder=\"0\" allowfullscreen=\"true\" allow=\"autoplay; clipboard-write; encrypted-media; picture-in-picture; web-share\"><\/iframe><!-- [et_pb_line_break_holder] --><\/div>\n<p>[\/et_pb_code][\/et_pb_column][\/et_pb_row][\/et_pb_section][et_pb_section fb_built=\u00bb1&#8243; admin_label=\u00bbFooter\u00bb _builder_version=\u00bb4.27.4&#8243; _module_preset=\u00bbdefault\u00bb background_image=\u00bbhttps:\/\/jwesley.edu.pe\/wp-content\/uploads\/2025\/11\/john-wesley-portada.jpg\u00bb parallax=\u00bbon\u00bb min_height=\u00bb412px\u00bb custom_margin=\u00bb-59px|||||\u00bb custom_padding=\u00bb||84px|||\u00bb custom_css_free_form=\u00bb* {||  color: white;||}\u00bb global_colors_info=\u00bb{}\u00bb][et_pb_row column_structure=\u00bb1_3,1_3,1_3&#8243; _builder_version=\u00bb4.27.4&#8243; _module_preset=\u00bbdefault\u00bb global_colors_info=\u00bb{}\u00bb][et_pb_column type=\u00bb1_3&#8243; _builder_version=\u00bb4.27.4&#8243; _module_preset=\u00bbdefault\u00bb global_colors_info=\u00bb{}\u00bb][et_pb_number_counter title=\u00bbA\u00d1O DE FUNDACI\u00d3N\u00bb number=\u00bb1995&#8243; percent_sign=\u00bboff\u00bb _builder_version=\u00bb4.27.4&#8243; _module_preset=\u00bbdefault\u00bb title_level=\u00bbh1&#8243; title_font=\u00bb&#8211;et_global_heading_font|700|||||||\u00bb title_text_color=\u00bb#FFFFFF\u00bb title_font_size=\u00bb21px\u00bb number_font=\u00bb&#8211;et_global_body_font|700|||||||\u00bb number_font_size=\u00bb63px\u00bb number_letter_spacing=\u00bb5px\u00bb background_color=\u00bb#00923f\u00bb module_alignment=\u00bbcenter\u00bb filter_opacity=\u00bb89%\u00bb hover_enabled=\u00bb0&#8243; title_text_shadow_style=\u00bbpreset1&#8243; border_width_all=\u00bb30px\u00bb border_color_all=\u00bb#00923f\u00bb box_shadow_style=\u00bbpreset2&#8243; box_shadow_horizontal=\u00bb12px\u00bb global_colors_info=\u00bb{%22gcid-df931ca6-95ff-482b-84a2-5f906fd269f6%22:%91%22background_color%22,%22border_color_all%22%93}\u00bb number_text_shadow_style=\u00bbpreset1&#8243; title_text_shadow_horizontal_length=\u00bb0.01em\u00bb title_text_shadow_vertical_length=\u00bb0.11em\u00bb sticky_enabled=\u00bb0&#8243;][\/et_pb_number_counter][\/et_pb_column][et_pb_column type=\u00bb1_3&#8243; _builder_version=\u00bb4.27.4&#8243; _module_preset=\u00bbdefault\u00bb global_colors_info=\u00bb{}\u00bb][et_pb_number_counter title=\u00bbESTUDIANTES\u00bb number=\u00bb+500&#8243; percent_sign=\u00bboff\u00bb _builder_version=\u00bb4.27.4&#8243; _module_preset=\u00bbdefault\u00bb title_font=\u00bb&#8211;et_global_heading_font|700|||||||\u00bb title_text_color=\u00bb#FFFFFF\u00bb title_font_size=\u00bb22px\u00bb number_font=\u00bb&#8211;et_global_heading_font|700|||||||\u00bb number_font_size=\u00bb63px\u00bb background_color=\u00bbgcid-9d29fe67-ad34-43fd-832c-be07115467df\u00bb module_alignment=\u00bbcenter\u00bb filter_opacity=\u00bb89%\u00bb hover_enabled=\u00bb0&#8243; title_text_shadow_style=\u00bbpreset1&#8243; border_width_all=\u00bb30px\u00bb border_color_all=\u00bb#de1d4d\u00bb box_shadow_style=\u00bbpreset2&#8243; box_shadow_horizontal=\u00bb12px\u00bb global_colors_info=\u00bb{%22gcid-03e73610-8910-42f5-90b3-3d0cf79e43d6%22:%91%22border_color_all%22%93,%22gcid-9d29fe67-ad34-43fd-832c-be07115467df%22:%91%22background_color%22%93}\u00bb number_text_shadow_style=\u00bbpreset1&#8243; title_text_shadow_vertical_length=\u00bb0.11em\u00bb sticky_enabled=\u00bb0&#8243;][\/et_pb_number_counter][\/et_pb_column][et_pb_column type=\u00bb1_3&#8243; _builder_version=\u00bb4.27.4&#8243; _module_preset=\u00bbdefault\u00bb global_colors_info=\u00bb{}\u00bb][et_pb_number_counter title=\u00bbA\u00d1OS DE EXPERIENCIA\u00bb number=\u00bb31&#8243; percent_sign=\u00bboff\u00bb _builder_version=\u00bb4.27.4&#8243; _module_preset=\u00bbdefault\u00bb title_font=\u00bb&#8211;et_global_heading_font|700|||||||\u00bb title_text_color=\u00bb#FFFFFF\u00bb title_font_size=\u00bb21px\u00bb number_font=\u00bb&#8211;et_global_heading_font|700|||||||\u00bb number_font_size=\u00bb63px\u00bb background_color=\u00bb#00923f\u00bb module_alignment=\u00bbcenter\u00bb filter_opacity=\u00bb89%\u00bb title_text_shadow_style=\u00bbpreset1&#8243; border_width_all=\u00bb30px\u00bb border_color_all=\u00bb#00923f\u00bb box_shadow_style=\u00bbpreset2&#8243; global_colors_info=\u00bb{%22gcid-df931ca6-95ff-482b-84a2-5f906fd269f6%22:%91%22background_color%22,%22border_color_all%22%93}\u00bb number_text_shadow_style=\u00bbpreset1&#8243; title_text_shadow_vertical_length=\u00bb0.11em\u00bb][\/et_pb_number_counter][\/et_pb_column][\/et_pb_row][\/et_pb_section]<\/p>\n","protected":false},"excerpt":{"rendered":"<p>Te damos la bienvenida a nuestra comunidad educativa, donde la excelencia acad\u00e9mica y la formaci\u00f3n cristiana se unen para preparar a nuestros estudiantes para el futuro \u00abTe damos la bienvenida a nuestra comunidad educativa, donde la excelencia acad\u00e9mica y la formaci\u00f3n cristiana se unen para preparar a nuestros estudiantes para el futuro. Acomp\u00e1\u00f1anos a formar [&hellip;]<\/p>\n","protected":false},"author":1,"featured_media":0,"parent":0,"menu_order":0,"comment_status":"closed","ping_status":"closed","template":"","meta":{"_et_pb_use_builder":"on","_et_pb_old_content":"","_et_gb_content_width":"","footnotes":""},"class_list":["post-11","page","type-page","status-publish","hentry"],"_links":{"self":[{"href":"https:\/\/jwesley.edu.pe\/index.php?rest_route=\/wp\/v2\/pages\/11","targetHints":{"allow":["GET"]}}],"collection":[{"href":"https:\/\/jwesley.edu.pe\/index.php?rest_route=\/wp\/v2\/pages"}],"about":[{"href":"https:\/\/jwesley.edu.pe\/index.php?rest_route=\/wp\/v2\/types\/page"}],"author":[{"embeddable":true,"href":"https:\/\/jwesley.edu.pe\/index.php?rest_route=\/wp\/v2\/users\/1"}],"replies":[{"embeddable":true,"href":"https:\/\/jwesley.edu.pe\/index.php?rest_route=%2Fwp%2Fv2%2Fcomments&post=11"}],"version-history":[{"count":24,"href":"https:\/\/jwesley.edu.pe\/index.php?rest_route=\/wp\/v2\/pages\/11\/revisions"}],"predecessor-version":[{"id":99,"href":"https:\/\/jwesley.edu.pe\/index.php?rest_route=\/wp\/v2\/pages\/11\/revisions\/99"}],"wp:attachment":[{"href":"https:\/\/jwesley.edu.pe\/index.php?rest_route=%2Fwp%2Fv2%2Fmedia&parent=11"}],"curies":[{"name":"wp","href":"https:\/\/api.w.org\/{rel}","templated":true}]}}